{"id":166,"date":"2023-08-08T22:27:39","date_gmt":"2023-08-08T20:27:39","guid":{"rendered":"https:\/\/praktijk123.be\/?page_id=166"},"modified":"2024-05-24T17:49:24","modified_gmt":"2024-05-24T15:49:24","slug":"psychomotricite","status":"publish","type":"page","link":"https:\/\/praktijk123.be\/fr\/psychomotricite\/","title":{"rendered":"Psychomotricit\u00e9"},"content":{"rendered":"<div class=\"wp-block-media-text alignwide has-media-on-the-right is-stacked-on-mobile is-vertically-aligned-center has-background\" style=\"background-color:#f1f5c7;grid-template-columns:auto 38%\"><div class=\"wp-block-media-text__content\">\n<div class=\"wp-block-group is-layout-flow wp-block-group-is-layout-flow\" style=\"padding-top:2em;padding-right:2em;padding-bottom:2em;padding-left:2em\">\n<h2 class=\"wp-block-heading\" style=\"font-size:36px\"><strong>Quoi ?<\/strong><\/h2>\n\n\n\n<p class=\"wp-block-paragraph\">En psychomotricit\u00e9, outre la motricit\u00e9, les probl\u00e8mes cognitifs ou \u00e9motionnels de l'enfant sont \u00e9galement pris en compte.&nbsp;<\/p>\n\n\n\n<p class=\"wp-block-paragraph\">Cette th\u00e9rapie se d\u00e9roule g\u00e9n\u00e9ralement en coordination et en consultation avec l'\u00e9cole et les parents. Il est important que tout le monde soit inform\u00e9 de l'\u00e9volution de l'enfant.&nbsp;<\/p>\n<\/div>\n<\/div><figure class=\"wp-block-media-text__media\"><img data-recalc-dims=\"1\" loading=\"lazy\" decoding=\"async\" width=\"845\" height=\"595\" data-attachment-id=\"238\" data-permalink=\"https:\/\/praktijk123.be\/fr\/undraw_questions_re_1fy7\/\" data-orig-file=\"https:\/\/i0.wp.com\/praktijk123.be\/wp-content\/uploads\/2023\/11\/undraw_questions_re_1fy7.png?fit=845%2C595&amp;ssl=1\" data-orig-size=\"845,595\" data-comments-opened=\"1\" data-image-meta=\"{&quot;aperture&quot;:&quot;0&quot;,&quot;credit&quot;:&quot;&quot;,&quot;camera&quot;:&quot;&quot;,&quot;caption&quot;:&quot;&quot;,&quot;created_timestamp&quot;:&quot;0&quot;,&quot;copyright&quot;:&quot;&quot;,&quot;focal_length&quot;:&quot;0&quot;,&quot;iso&quot;:&quot;0&quot;,&quot;shutter_speed&quot;:&quot;0&quot;,&quot;title&quot;:&quot;&quot;,&quot;orientation&quot;:&quot;0&quot;}\" data-image-title=\"wie\" data-image-description=\"\" data-image-caption=\"\" data-large-file=\"https:\/\/i0.wp.com\/praktijk123.be\/wp-content\/uploads\/2023\/11\/undraw_questions_re_1fy7.png?fit=845%2C595&amp;ssl=1\" src=\"https:\/\/i0.wp.com\/praktijk123.be\/wp-content\/uploads\/2023\/11\/undraw_questions_re_1fy7.png?resize=845%2C595&#038;ssl=1\" alt=\"\" class=\"wp-image-238 size-full\"\/><\/figure><\/div>\n\n\n\n<div class=\"wp-block-media-text alignwide is-stacked-on-mobile is-vertically-aligned-center has-background\" style=\"background-color:#fffdea;grid-template-columns:30% auto\"><figure class=\"wp-block-media-text__media\"><img data-recalc-dims=\"1\" loading=\"lazy\" decoding=\"async\" width=\"651\" height=\"699\" data-attachment-id=\"278\" data-permalink=\"https:\/\/praktijk123.be\/fr\/psychomotricite\/in_thought\/\" data-orig-file=\"https:\/\/i0.wp.com\/praktijk123.be\/wp-content\/uploads\/2023\/11\/in_thought.png?fit=651%2C699&amp;ssl=1\" data-orig-size=\"651,699\" data-comments-opened=\"1\" data-image-meta=\"{&quot;aperture&quot;:&quot;0&quot;,&quot;credit&quot;:&quot;&quot;,&quot;camera&quot;:&quot;&quot;,&quot;caption&quot;:&quot;&quot;,&quot;created_timestamp&quot;:&quot;0&quot;,&quot;copyright&quot;:&quot;&quot;,&quot;focal_length&quot;:&quot;0&quot;,&quot;iso&quot;:&quot;0&quot;,&quot;shutter_speed&quot;:&quot;0&quot;,&quot;title&quot;:&quot;&quot;,&quot;orientation&quot;:&quot;0&quot;}\" data-image-title=\"in_thought\" data-image-description=\"\" data-image-caption=\"\" data-large-file=\"https:\/\/i0.wp.com\/praktijk123.be\/wp-content\/uploads\/2023\/11\/in_thought.png?fit=651%2C699&amp;ssl=1\" src=\"https:\/\/i0.wp.com\/praktijk123.be\/wp-content\/uploads\/2023\/11\/in_thought.png?resize=651%2C699&#038;ssl=1\" alt=\"\" class=\"wp-image-278 size-full\"\/><\/figure><div class=\"wp-block-media-text__content\">\n<div class=\"wp-block-group is-layout-flow wp-block-group-is-layout-flow\" style=\"padding-top:2em;padding-right:2em;padding-bottom:2em;padding-left:2em\">\n<h2 class=\"wp-block-heading\" style=\"font-size:36px\"><strong>Quelles th\u00e9rapies sont disponibles ?<\/strong><\/h2>\n\n\n\n<ul class=\"wp-block-list has-small-font-size\">\n<li>Graphomotricit\u00e9&nbsp;<\/li>\n\n\n\n<li>Motricit\u00e9 fine&nbsp;<\/li>\n\n\n\n<li>Motricit\u00e9 globale&nbsp;<\/li>\n\n\n\n<li>Miroir (chiffres ou lettres tels que b et d)<\/li>\n\n\n\n<li>Probl\u00e8mes de lat\u00e9ralisation&nbsp;<\/li>\n\n\n\n<li>Conscience et sch\u00e9ma corporel<\/li>\n\n\n\n<li>Probl\u00e8mes visuomoteurs et spatiaux<\/li>\n\n\n\n<li>M\u00e9moire<\/li>\n\n\n\n<li>Attitude de travail&nbsp;<\/li>\n\n\n\n<li>Probl\u00e8mes de concentration&nbsp;<\/li>\n<\/ul>\n<\/div>\n\n\n\n<hr class=\"wp-block-separator has-alpha-channel-opacity\"\/>\n\n\n\n<p class=\"has-text-align-center wp-block-paragraph\"><a href=\"https:\/\/progenda.be\/calendars\/dokter-danhieux-laura-physiotherapist-overijse\" target=\"_blank\" rel=\"noreferrer noopener\"><strong><span style=\"text-decoration: underline;\">Prenez un rendez-vous<\/span><\/strong><\/a><\/p>\n<\/div><\/div>\n\n\n\n<div class=\"wp-block-media-text alignwide has-media-on-the-right is-stacked-on-mobile is-vertically-aligned-center has-background\" style=\"background-color:#f1f5c7;grid-template-columns:auto 38%\"><div class=\"wp-block-media-text__content\">\n<div class=\"wp-block-group is-layout-flow wp-block-group-is-layout-flow\" style=\"padding-top:2em;padding-right:2em;padding-bottom:2em;padding-left:2em\">\n<h2 class=\"wp-block-heading\" style=\"font-size:36px\"><strong>Tests<\/strong><\/h2>\n\n\n\n<p class=\"wp-block-paragraph\">Des tests peuvent \u00eatre effectu\u00e9s dans le cadre du diagnostic psychomoteur :<\/p>\n\n\n\n<ul class=\"wp-block-list has-small-font-size\">\n<li>SOS-2 VL<\/li>\n\n\n\n<li>Movement ABC<\/li>\n\n\n\n<li>Beeri VMI<\/li>\n<\/ul>\n<\/div>\n\n\n\n<hr class=\"wp-block-separator has-alpha-channel-opacity\"\/>\n\n\n\n<p class=\"has-text-align-center wp-block-paragraph\"><a href=\"https:\/\/progenda.be\/calendars\/dokter-danhieux-laura-physiotherapist-overijse\" target=\"_blank\" rel=\"noreferrer noopener\"><strong><span style=\"text-decoration: underline;\">Prenez un rendez-vous<\/span><\/strong><\/a><\/p>\n<\/div><figure class=\"wp-block-media-text__media\"><img data-recalc-dims=\"1\" loading=\"lazy\" decoding=\"async\" width=\"768\" height=\"596\" data-attachment-id=\"247\" data-permalink=\"https:\/\/praktijk123.be\/fr\/psychomotricite\/undraw_design_thinking_re_644h\/\" data-orig-file=\"https:\/\/i0.wp.com\/praktijk123.be\/wp-content\/uploads\/2023\/11\/undraw_design_thinking_re_644h.png?fit=768%2C596&amp;ssl=1\" data-orig-size=\"768,596\" data-comments-opened=\"1\" data-image-meta=\"{&quot;aperture&quot;:&quot;0&quot;,&quot;credit&quot;:&quot;&quot;,&quot;camera&quot;:&quot;&quot;,&quot;caption&quot;:&quot;&quot;,&quot;created_timestamp&quot;:&quot;0&quot;,&quot;copyright&quot;:&quot;&quot;,&quot;focal_length&quot;:&quot;0&quot;,&quot;iso&quot;:&quot;0&quot;,&quot;shutter_speed&quot;:&quot;0&quot;,&quot;title&quot;:&quot;&quot;,&quot;orientation&quot;:&quot;0&quot;}\" data-image-title=\"thinking\" data-image-description=\"\" data-image-caption=\"\" data-large-file=\"https:\/\/i0.wp.com\/praktijk123.be\/wp-content\/uploads\/2023\/11\/undraw_design_thinking_re_644h.png?fit=768%2C596&amp;ssl=1\" src=\"https:\/\/i0.wp.com\/praktijk123.be\/wp-content\/uploads\/2023\/11\/undraw_design_thinking_re_644h.png?resize=768%2C596&#038;ssl=1\" alt=\"\" class=\"wp-image-247 size-full\"\/><\/figure><\/div>\n\n\n\n<div class=\"wp-block-media-text has-media-on-the-right is-stacked-on-mobile is-vertically-aligned-center has-primary-background-color has-background\" style=\"margin-top:var(--wp--preset--spacing--50);margin-bottom:var(--wp--preset--spacing--50);padding-top:var(--wp--preset--spacing--50);padding-bottom:var(--wp--preset--spacing--50);grid-template-columns:auto 15%\"><div class=\"wp-block-media-text__content\">\n<div class=\"wp-block-group is-layout-constrained wp-block-group-is-layout-constrained\">\n<p class=\"has-text-align-left has-background-color has-text-color has-link-color has-medium-font-size wp-elements-6111b385ac82724918c47e7cc73e630c wp-block-paragraph\" style=\"line-height:1.5\">Besoin d'aide ?<\/p>\n\n\n\n<p class=\"has-background-color has-text-color has-link-color has-xxx-large-font-size wp-elements-ba1c3d8a65c780291d516777d625bd1d wp-block-paragraph\" style=\"line-height:1.5\">Nous sommes heureux de vous aider.<\/p>\n\n\n\n<div class=\"wp-block-buttons is-layout-flex wp-block-buttons-is-layout-flex\">\n<div class=\"wp-block-button has-custom-width wp-block-button__width-50\"><a class=\"wp-block-button__link has-primary-color has-background-background-color has-text-color has-background has-link-color wp-element-button\" href=\"https:\/\/praktijk123.be\/fr\/rendez-vous\/\"><strong><span style=\"text-decoration: underline;\">Prenez un rendez-vous<\/span><\/strong><\/a><\/div>\n\n\n\n<div class=\"wp-block-button has-custom-width wp-block-button__width-50 is-style-fill\"><a class=\"wp-block-button__link has-primary-color has-background-background-color has-text-color has-background has-link-color wp-element-button\" href=\"https:\/\/praktijk123.be\/fr\/contact\/\"><strong><span style=\"text-decoration: underline;\">Contactez-nous<\/span><\/strong><\/a><\/div>\n<\/div>\n<\/div>\n<\/div><figure class=\"wp-block-media-text__media\"><img data-recalc-dims=\"1\" loading=\"lazy\" decoding=\"async\" width=\"653\" height=\"738\" data-attachment-id=\"602\" data-permalink=\"https:\/\/praktijk123.be\/fr\/traitements-kinesitherapie\/begin_chat\/\" data-orig-file=\"https:\/\/i0.wp.com\/praktijk123.be\/wp-content\/uploads\/2024\/02\/begin_chat.png?fit=653%2C738&amp;ssl=1\" data-orig-size=\"653,738\" data-comments-opened=\"0\" data-image-meta=\"{&quot;aperture&quot;:&quot;0&quot;,&quot;credit&quot;:&quot;&quot;,&quot;camera&quot;:&quot;&quot;,&quot;caption&quot;:&quot;&quot;,&quot;created_timestamp&quot;:&quot;0&quot;,&quot;copyright&quot;:&quot;&quot;,&quot;focal_length&quot;:&quot;0&quot;,&quot;iso&quot;:&quot;0&quot;,&quot;shutter_speed&quot;:&quot;0&quot;,&quot;title&quot;:&quot;&quot;,&quot;orientation&quot;:&quot;0&quot;}\" data-image-title=\"begin_chat\" data-image-description=\"\" data-image-caption=\"\" data-large-file=\"https:\/\/i0.wp.com\/praktijk123.be\/wp-content\/uploads\/2024\/02\/begin_chat.png?fit=653%2C738&amp;ssl=1\" src=\"https:\/\/i0.wp.com\/praktijk123.be\/wp-content\/uploads\/2024\/02\/begin_chat.png?resize=653%2C738&#038;ssl=1\" alt=\"\" class=\"wp-image-602 size-full\" srcset=\"https:\/\/i0.wp.com\/praktijk123.be\/wp-content\/uploads\/2024\/02\/begin_chat.png?w=653&amp;ssl=1 653w, https:\/\/i0.wp.com\/praktijk123.be\/wp-content\/uploads\/2024\/02\/begin_chat.png?resize=265%2C300&amp;ssl=1 265w, https:\/\/i0.wp.com\/praktijk123.be\/wp-content\/uploads\/2024\/02\/begin_chat.png?resize=11%2C12&amp;ssl=1 11w\" sizes=\"auto, (max-width: 653px) 100vw, 653px\" \/><\/figure><\/div>","protected":false},"excerpt":{"rendered":"","protected":false},"author":237893982,"featured_media":0,"parent":0,"menu_order":0,"comment_status":"closed","ping_status":"closed","template":"","meta":{"_crdt_document":"","footnotes":""},"class_list":["post-166","page","type-page","status-publish","hentry"],"yoast_head":"<!-- This site is optimized with the Yoast SEO plugin v27.3 - https:\/\/yoast.com\/product\/yoast-seo-wordpress\/ -->\n<title>Praktijk123 - Kinesitherapie Overijse - Psychomotoriek<\/title>\n<meta name=\"description\" content=\"Er wordt naast de motoriek ook gekeken naar de cognitieve of emotionele problemen van het kind. In samenspraak met ouder en school.\" \/>\n<meta name=\"robots\" content=\"index, follow, max-snippet:-1, max-image-preview:large, max-video-preview:-1\" \/>\n<link rel=\"canonical\" href=\"https:\/\/praktijk123.be\/fr\/psychomotricite\/\" \/>\n<meta property=\"og:locale\" content=\"fr_FR\" \/>\n<meta property=\"og:type\" content=\"article\" \/>\n<meta property=\"og:title\" content=\"Praktijk123 - Kinesitherapie Overijse - Psychomotoriek\" \/>\n<meta property=\"og:description\" content=\"Er wordt naast de motoriek ook gekeken naar de cognitieve of emotionele problemen van het kind. In samenspraak met ouder en school.\" \/>\n<meta property=\"og:url\" content=\"https:\/\/praktijk123.be\/fr\/psychomotricite\/\" \/>\n<meta property=\"og:site_name\" content=\"Praktijk123\" \/>\n<meta property=\"article:modified_time\" content=\"2024-05-24T15:49:24+00:00\" \/>\n<meta property=\"og:image\" content=\"https:\/\/praktijk123.be\/wp-content\/uploads\/2023\/11\/undraw_questions_re_1fy7.png\" \/>\n<meta name=\"twitter:card\" content=\"summary_large_image\" \/>\n<meta name=\"twitter:label1\" content=\"Dur\u00e9e de lecture est.\" \/>\n\t<meta name=\"twitter:data1\" content=\"2 minutes\" \/>\n<script type=\"application\/ld+json\" class=\"yoast-schema-graph\">{\"@context\":\"https:\\\/\\\/schema.org\",\"@graph\":[{\"@type\":\"WebPage\",\"@id\":\"https:\\\/\\\/praktijk123.be\\\/psychomotoriek\\\/\",\"url\":\"https:\\\/\\\/praktijk123.be\\\/psychomotoriek\\\/\",\"name\":\"Praktijk123 - Kinesitherapie Overijse - Psychomotoriek\",\"isPartOf\":{\"@id\":\"https:\\\/\\\/praktijk123.be\\\/#website\"},\"primaryImageOfPage\":{\"@id\":\"https:\\\/\\\/praktijk123.be\\\/psychomotoriek\\\/#primaryimage\"},\"image\":{\"@id\":\"https:\\\/\\\/praktijk123.be\\\/psychomotoriek\\\/#primaryimage\"},\"thumbnailUrl\":\"https:\\\/\\\/praktijk123.be\\\/wp-content\\\/uploads\\\/2023\\\/11\\\/undraw_questions_re_1fy7.png\",\"datePublished\":\"2023-08-08T20:27:39+00:00\",\"dateModified\":\"2024-05-24T15:49:24+00:00\",\"description\":\"Er wordt naast de motoriek ook gekeken naar de cognitieve of emotionele problemen van het kind. In samenspraak met ouder en school.\",\"breadcrumb\":{\"@id\":\"https:\\\/\\\/praktijk123.be\\\/psychomotoriek\\\/#breadcrumb\"},\"inLanguage\":\"fr-BE\",\"potentialAction\":[{\"@type\":\"ReadAction\",\"target\":[\"https:\\\/\\\/praktijk123.be\\\/psychomotoriek\\\/\"]}]},{\"@type\":\"ImageObject\",\"inLanguage\":\"fr-BE\",\"@id\":\"https:\\\/\\\/praktijk123.be\\\/psychomotoriek\\\/#primaryimage\",\"url\":\"https:\\\/\\\/praktijk123.be\\\/wp-content\\\/uploads\\\/2023\\\/11\\\/undraw_questions_re_1fy7.png\",\"contentUrl\":\"https:\\\/\\\/praktijk123.be\\\/wp-content\\\/uploads\\\/2023\\\/11\\\/undraw_questions_re_1fy7.png\"},{\"@type\":\"BreadcrumbList\",\"@id\":\"https:\\\/\\\/praktijk123.be\\\/psychomotoriek\\\/#breadcrumb\",\"itemListElement\":[{\"@type\":\"ListItem\",\"position\":1,\"name\":\"Home\",\"item\":\"https:\\\/\\\/praktijk123.be\\\/\"},{\"@type\":\"ListItem\",\"position\":2,\"name\":\"Psychomotoriek\"}]},{\"@type\":\"WebSite\",\"@id\":\"https:\\\/\\\/praktijk123.be\\\/#website\",\"url\":\"https:\\\/\\\/praktijk123.be\\\/\",\"name\":\"Praktijk123\",\"description\":\"Kinesitherapie praktijk Overijse\",\"publisher\":{\"@id\":\"https:\\\/\\\/praktijk123.be\\\/#organization\"},\"potentialAction\":[{\"@type\":\"SearchAction\",\"target\":{\"@type\":\"EntryPoint\",\"urlTemplate\":\"https:\\\/\\\/praktijk123.be\\\/?s={search_term_string}\"},\"query-input\":{\"@type\":\"PropertyValueSpecification\",\"valueRequired\":true,\"valueName\":\"search_term_string\"}}],\"inLanguage\":\"fr-BE\"},{\"@type\":\"Organization\",\"@id\":\"https:\\\/\\\/praktijk123.be\\\/#organization\",\"name\":\"Praktijk123\",\"url\":\"https:\\\/\\\/praktijk123.be\\\/\",\"logo\":{\"@type\":\"ImageObject\",\"inLanguage\":\"fr-BE\",\"@id\":\"https:\\\/\\\/praktijk123.be\\\/#\\\/schema\\\/logo\\\/image\\\/\",\"url\":\"https:\\\/\\\/i0.wp.com\\\/praktijk123.be\\\/wp-content\\\/uploads\\\/2024\\\/05\\\/Logo-website_wit.png?fit=415%2C165&ssl=1\",\"contentUrl\":\"https:\\\/\\\/i0.wp.com\\\/praktijk123.be\\\/wp-content\\\/uploads\\\/2024\\\/05\\\/Logo-website_wit.png?fit=415%2C165&ssl=1\",\"width\":415,\"height\":165,\"caption\":\"Praktijk123\"},\"image\":{\"@id\":\"https:\\\/\\\/praktijk123.be\\\/#\\\/schema\\\/logo\\\/image\\\/\"}}]}<\/script>\n<!-- \/ Yoast SEO plugin. -->","yoast_head_json":{"title":"Praktijk123 - Kin\u00e9sith\u00e9rapie Overijse - Psychomotricit\u00e9","description":"Outre les capacit\u00e9s motrices, les probl\u00e8mes cognitifs ou \u00e9motionnels de l'enfant sont pris en compte. En concertation avec les parents et l'\u00e9cole.","robots":{"index":"index","follow":"follow","max-snippet":"max-snippet:-1","max-image-preview":"max-image-preview:large","max-video-preview":"max-video-preview:-1"},"canonical":"https:\/\/praktijk123.be\/fr\/psychomotricite\/","og_locale":"fr_FR","og_type":"article","og_title":"Praktijk123 - Kinesitherapie Overijse - Psychomotoriek","og_description":"Er wordt naast de motoriek ook gekeken naar de cognitieve of emotionele problemen van het kind. In samenspraak met ouder en school.","og_url":"https:\/\/praktijk123.be\/fr\/psychomotricite\/","og_site_name":"Praktijk123","article_modified_time":"2024-05-24T15:49:24+00:00","og_image":[{"url":"https:\/\/praktijk123.be\/wp-content\/uploads\/2023\/11\/undraw_questions_re_1fy7.png","type":"","width":"","height":""}],"twitter_card":"summary_large_image","twitter_misc":{"Dur\u00e9e de lecture est.":"2 minutes"},"schema":{"@context":"https:\/\/schema.org","@graph":[{"@type":"WebPage","@id":"https:\/\/praktijk123.be\/psychomotoriek\/","url":"https:\/\/praktijk123.be\/psychomotoriek\/","name":"Praktijk123 - Kin\u00e9sith\u00e9rapie Overijse - Psychomotricit\u00e9","isPartOf":{"@id":"https:\/\/praktijk123.be\/#website"},"primaryImageOfPage":{"@id":"https:\/\/praktijk123.be\/psychomotoriek\/#primaryimage"},"image":{"@id":"https:\/\/praktijk123.be\/psychomotoriek\/#primaryimage"},"thumbnailUrl":"https:\/\/praktijk123.be\/wp-content\/uploads\/2023\/11\/undraw_questions_re_1fy7.png","datePublished":"2023-08-08T20:27:39+00:00","dateModified":"2024-05-24T15:49:24+00:00","description":"Outre les capacit\u00e9s motrices, les probl\u00e8mes cognitifs ou \u00e9motionnels de l'enfant sont pris en compte. En concertation avec les parents et l'\u00e9cole.","breadcrumb":{"@id":"https:\/\/praktijk123.be\/psychomotoriek\/#breadcrumb"},"inLanguage":"fr-BE","potentialAction":[{"@type":"ReadAction","target":["https:\/\/praktijk123.be\/psychomotoriek\/"]}]},{"@type":"ImageObject","inLanguage":"fr-BE","@id":"https:\/\/praktijk123.be\/psychomotoriek\/#primaryimage","url":"https:\/\/praktijk123.be\/wp-content\/uploads\/2023\/11\/undraw_questions_re_1fy7.png","contentUrl":"https:\/\/praktijk123.be\/wp-content\/uploads\/2023\/11\/undraw_questions_re_1fy7.png"},{"@type":"BreadcrumbList","@id":"https:\/\/praktijk123.be\/psychomotoriek\/#breadcrumb","itemListElement":[{"@type":"ListItem","position":1,"name":"Home","item":"https:\/\/praktijk123.be\/"},{"@type":"ListItem","position":2,"name":"Psychomotoriek"}]},{"@type":"WebSite","@id":"https:\/\/praktijk123.be\/#website","url":"https:\/\/praktijk123.be\/","name":"Praktijk123","description":"Kin\u00e9sith\u00e9rapie Overijse","publisher":{"@id":"https:\/\/praktijk123.be\/#organization"},"potentialAction":[{"@type":"SearchAction","target":{"@type":"EntryPoint","urlTemplate":"https:\/\/praktijk123.be\/?s={search_term_string}"},"query-input":{"@type":"PropertyValueSpecification","valueRequired":true,"valueName":"search_term_string"}}],"inLanguage":"fr-BE"},{"@type":"Organization","@id":"https:\/\/praktijk123.be\/#organization","name":"Praktijk123","url":"https:\/\/praktijk123.be\/","logo":{"@type":"ImageObject","inLanguage":"fr-BE","@id":"https:\/\/praktijk123.be\/#\/schema\/logo\/image\/","url":"https:\/\/i0.wp.com\/praktijk123.be\/wp-content\/uploads\/2024\/05\/Logo-website_wit.png?fit=415%2C165&ssl=1","contentUrl":"https:\/\/i0.wp.com\/praktijk123.be\/wp-content\/uploads\/2024\/05\/Logo-website_wit.png?fit=415%2C165&ssl=1","width":415,"height":165,"caption":"Praktijk123"},"image":{"@id":"https:\/\/praktijk123.be\/#\/schema\/logo\/image\/"}}]}},"jetpack_likes_enabled":false,"jetpack_sharing_enabled":false,"jetpack_shortlink":"https:\/\/wp.me\/PeZELM-2G","jetpack-related-posts":[],"_links":{"self":[{"href":"https:\/\/praktijk123.be\/fr\/wp-json\/wp\/v2\/pages\/166","targetHints":{"allow":["GET"]}}],"collection":[{"href":"https:\/\/praktijk123.be\/fr\/wp-json\/wp\/v2\/pages"}],"about":[{"href":"https:\/\/praktijk123.be\/fr\/wp-json\/wp\/v2\/types\/page"}],"author":[{"embeddable":true,"href":"https:\/\/praktijk123.be\/fr\/wp-json\/wp\/v2\/users\/237893982"}],"replies":[{"embeddable":true,"href":"https:\/\/praktijk123.be\/fr\/wp-json\/wp\/v2\/comments?post=166"}],"version-history":[{"count":14,"href":"https:\/\/praktijk123.be\/fr\/wp-json\/wp\/v2\/pages\/166\/revisions"}],"predecessor-version":[{"id":873,"href":"https:\/\/praktijk123.be\/fr\/wp-json\/wp\/v2\/pages\/166\/revisions\/873"}],"wp:attachment":[{"href":"https:\/\/praktijk123.be\/fr\/wp-json\/wp\/v2\/media?parent=166"}],"curies":[{"name":"wp","href":"https:\/\/api.w.org\/{rel}","templated":true}]}}